{"id":303,"date":"2016-07-28T09:39:28","date_gmt":"2016-07-28T07:39:28","guid":{"rendered":"http:\/\/www.starten-bahn-west.de\/?page_id=303"},"modified":"2016-07-28T10:00:28","modified_gmt":"2016-07-28T08:00:28","slug":"schnellbahnvarianten-hh-westen-2016","status":"publish","type":"page","link":"https:\/\/www.starten-bahn-west.de\/?page_id=303","title":{"rendered":"Schnellbahnvarianten HH Westen 2016"},"content":{"rendered":"<p>Aus dem Schreiben an den Hamburger Staatsrat Andreas Rieckhof vom 9.6.2016:<br \/>\n&#8222;Wir als Verkehrsinitiative haben uns so ge\u00e4\u00fc\u00dfert, dass wir keine Pr\u00e4ferenz f\u00fcr ein bestimmtes Bahnsystem haben. Ob U- oder S-Bahn, wir sind f\u00fcr das System, mit der schnellstm\u00f6glichen Realisierungszeit. Die an der Initiative beteiligten Hamburger Stadtteile und Schenefeld haben sich als Streckenf\u00fchrung f\u00fcr die Variante U5-S\u00fcd und alternativ die Variante S32-S\u00fcd ausgesprochen.&#8220;<\/p>\n<p><a href=\"http:\/\/www.starten-bahn-west.de\/?page_id=295\" title=\"Streckenvarianten\">Zum Linienplan hier klicken<\/a><\/p>\n<p>Zusatzinformationen:<br \/>\n<a href=\"http:\/\/suche.transparenz.hamburg.de\/dataset\/konzeptstudie-zur-u-bahn-netzerweiterung-ergebnisbericht\" target=\"_blank\">Konzeptstudie zur U-Bahn-Netzerweiterung; Ergebnisbericht<\/a><\/p>\n","protected":false},"excerpt":{"rendered":"<p>Aus dem Schreiben an den Hamburger Staatsrat Andreas Rieckhof vom 9.6.2016: &#8222;Wir als Verkehrsinitiative haben uns so ge\u00e4\u00fc\u00dfert, dass wir keine Pr\u00e4ferenz f\u00fcr ein bestimmtes Bahnsystem haben. Ob U- oder S-Bahn, wir sind f\u00fcr das System, mit der schnellstm\u00f6glichen Realisierungszeit. Die an der Initiative beteiligten Hamburger Stadtteile und Schenefeld haben sich als Streckenf\u00fchrung f\u00fcr die &hellip; <a href=\"https:\/\/www.starten-bahn-west.de\/?page_id=303\" class=\"more-link\"><span class=\"screen-reader-text\">Schnellbahnvarianten HH Westen 2016<\/span> weiterlesen <span class=\"meta-nav\">&rarr;<\/span><\/a><\/p>\n","protected":false},"author":1,"featured_media":0,"parent":0,"menu_order":0,"comment_status":"open","ping_status":"open","template":"","meta":{"footnotes":""},"class_list":["post-303","page","type-page","status-publish","hentry"],"_links":{"self":[{"href":"https:\/\/www.starten-bahn-west.de\/index.php?rest_route=\/wp\/v2\/pages\/303","targetHints":{"allow":["GET"]}}],"collection":[{"href":"https:\/\/www.starten-bahn-west.de\/index.php?rest_route=\/wp\/v2\/pages"}],"about":[{"href":"https:\/\/www.starten-bahn-west.de\/index.php?rest_route=\/wp\/v2\/types\/page"}],"author":[{"embeddable":true,"href":"https:\/\/www.starten-bahn-west.de\/index.php?rest_route=\/wp\/v2\/users\/1"}],"replies":[{"embeddable":true,"href":"https:\/\/www.starten-bahn-west.de\/index.php?rest_route=%2Fwp%2Fv2%2Fcomments&post=303"}],"version-history":[{"count":9,"href":"https:\/\/www.starten-bahn-west.de\/index.php?rest_route=\/wp\/v2\/pages\/303\/revisions"}],"predecessor-version":[{"id":315,"href":"https:\/\/www.starten-bahn-west.de\/index.php?rest_route=\/wp\/v2\/pages\/303\/revisions\/315"}],"wp:attachment":[{"href":"https:\/\/www.starten-bahn-west.de\/index.php?rest_route=%2Fwp%2Fv2%2Fmedia&parent=303"}],"curies":[{"name":"wp","href":"https:\/\/api.w.org\/{rel}","templated":true}]}}