{"id":357,"date":"2019-01-29T19:06:19","date_gmt":"2019-01-29T17:06:19","guid":{"rendered":"http:\/\/www.starten-bahn-west.de\/?page_id=357"},"modified":"2024-02-05T14:35:25","modified_gmt":"2024-02-05T12:35:25","slug":"die-initiative-startenbahnwest","status":"publish","type":"page","link":"https:\/\/www.starten-bahn-west.de\/?page_id=357","title":{"rendered":"Die Initiative Starten:BahnWest!"},"content":{"rendered":"\n<p><strong>Entwicklungen in den betroffenen Gebieten<\/strong><\/p>\n\n\n\n<p><strong>Bahrenfeld<\/strong>: Im Stadtteil mit 31.000 Einwohnern wird am Rand des Altonaer Volksparks auf dem Gel\u00e4nde der Trabrennbahn sowie anliegenden Kleing\u00e4rten eine gro\u00dfe Wohnsiedlung f\u00fcr mehr als 8.000 neue Einwohner\/-innen entstehen. Zus\u00e4tzlich werden entlang der Luruper Chaussee zwischen Trabrennbahn und Elbgaustra\u00dfe der \u201e<a href=\"https:\/\/invest-immobilien.hamburg\/de\/gewerbeimmobilien-und-grundstuecke\/innovationsparks\/innovationspark-altona\">Innovationspark Altona<\/a>\u201c f\u00fcr neue Unternehmen sowie der \u201e<a href=\"https:\/\/www.hamburg.de\/sciencecity\/sciencecity-in-bahrenfeld\/\">Wissenschaftscampus Bahrenfeld<\/a>\u201c als Forschungs- und Entwicklungsstandort f\u00fcr DESY sowie die <a href=\"https:\/\/www.uni-hamburg.de\/newsroom\/campus\/2019\/0122-sciencecitybahrenfeld.html\">naturwissenschaftlichen Fachbereiche der Uni Hamburg<\/a> angesiedelt. Das bedeutet, dass mit Verkehren von weiteren ca. 7.000 Menschen gerechnet werden muss, die t\u00e4glich ihren Arbeits- oder Studienplatz erreichen wollen. Das vollst\u00e4ndige <a href=\"https:\/\/www.sciencecity.hamburg\">Vorhaben nennt sich \u201eScience City Bahrenfeld\u201c<\/a>.<\/p>\n\n\n\n<p><strong>Lurup<\/strong>: Mit fast 38.000 Einwohnern ist Lurup der bev\u00f6lkerungsreichste Stadtteil des Bezirks Altona. Rund um den <a href=\"https:\/\/www.hamburg.de\/altona\/realisiert\/4251084\/altona-jan-kuelper-weg2-8\/\">Eckhoffplatz sind einige hundert Wohnungen<\/a> entstanden und <a href=\"https:\/\/www.hamburg.de\/altona\/bebauungsplaene\/12141906\/lurup68\/\">viele weitere im Bau<\/a>, ebenso ein Technologiepark samt <a href=\"https:\/\/www.hamburg-news.hamburg\/innovation-wissenschaft\/so-soll-der-techhub-hamburg-den-life-sciences-standort-voranbringen\">tecHHub am Vorhornweg<\/a>. Die schlechte \u00d6PNV-Anbindung des benachbarten Kreises Pinnebergs f\u00fchrt zudem \u00fcber das Einfallstor LSE <a href=\"https:\/\/de.wikipedia.org\/wiki\/Landesstra\u00dfe_103\">(Landstra\u00dfe Schenefeld Elmshorn)<\/a> zu enormen motorisierten Kfz-Pendlerstr\u00f6men aus Schleswig-Holstein, die sich \u00fcber die StreBaLu (Abk\u00fcrzung f\u00fcr Stresemannstra\u00dfe, Bahrenfelder und Luruper Chaussee, Luruper Hauptstra\u00dfe, die \u00fcber die Altonaer Chaussee direkt auf die LSE f\u00fchren) nach Hamburg ergie\u00dfen. Hinzu kommt der motorisierte An- und Abreiseverkehr zu den Sportarenen am Altonaer Volkspark, der in Lurup bei Veranstaltungen regelm\u00e4\u00dfig alle Busverkehre ausbremst.<\/p>\n\n\n\n<p><strong>Osdorf<\/strong>: Im 7,2 km\u00b2 gro\u00dfen Stadtteil leben \u00fcber 26.000 Einwohner, von denen die H\u00e4lfte in der Gro\u00dfsiedlung Osdorfer Born mit einer <a href=\"https:\/\/www.zeit.de\/hamburg\/2020-12\/elbvertiefung-08-12-2020\">Bev\u00f6lkerungsdichte von fast 12.000 Menschen pro km\u00b2<\/a> leben (zum Vergleich Hamburg: 2500 Menschen\/km\u00b2). Am Osdorfer Born befindet sich ebenfalls ein <a href=\"https:\/\/xfelbau.desy.de\/site_xfelbau\/content\/e29\/e49\/index_ger.html\">technischer Betriebsteil von XFEL<\/a>. Den Bewohnerinnen und Bewohnern des Osdorfer Borns ist bereits vor \u00fcber <a href=\"https:\/\/de.wikipedia.org\/wiki\/Osdorfer_Born\">50 Jahren eine Schienenanbindung<\/a> per U-Bahn versprochen worden, dann eine S-Bahn, eine Stra\u00dfenbahn, wieder eine U-Bahn\u2026. Bis heute ist das Gebiet des Osdorfer Bornes mit ca. 13.000 Einwohner\/-innen von einer schnellen \u00d6PNV-Anbindung in die Innenstadt oder nach Altona abgeschnitten.<\/p>\n\n\n\n<p><strong>Schenefeld<\/strong>: Als eigenst\u00e4ndige schleswig-holsteinische Stadt mit mittlerweile knapp 20.000 Einwohnern <a href=\"https:\/\/region.statistik-nord.de\/detail_timeline\/13\/1102\/1\/1\/349\/828\/\">w\u00e4chst die Bev\u00f6lkerung in Schenefeld kontinuierlich weiter<\/a>. Die bewohnten Gebiete Schenefelds schmiegen sich eng an die Hamburger Stadteile Lurup und Iserbrook an. Die Stadt Schenefeld als Kommune liegt bez\u00fcglich der Verantwortung f\u00fcr eine gute \u00d6PNV-Anbindung zwischen Baum (Schleswig-Holstein) und Borke (Hamburg): obwohl unmittelbar an Hamburg angrenzend werden die gro\u00dfen verkehrspolitischen Entscheidungen f\u00fcr die Kommune im fernen Kiel getroffen. In den n\u00e4chsten zehn Jahren ist in Schenefeld mit einer deutlich wachsenden Einwohnerentwicklung zu rechnen. Es bestehen ehrgeizige Planungen f\u00fcr Baul\u00fcckenschlie\u00dfungen, zu massiven Nachverdichtungen in bestehenden Quartieren sowie zu neuen Wohneinheiten im Zuge der Stadtkerngestaltung. Mit dem <a href=\"https:\/\/www.xfel.eu\/index_ger.html\">European XFEL ist ein neuer internationaler Wissenschaftsstandort<\/a> mit \u00fcber 700 Besch\u00e4ftigten sowie Gastforschern entstanden, die eng mit in der Science City angesiedelten Institutionen zusammenarbeiten werden..<\/p>\n\n\n\n<p><strong>Ziele der Initiative Starten:BahnWest!<\/strong><\/p>\n\n\n\n<p>Wenn die derzeitigen Bewohnerinnen\/Bewohner und Arbeitnehmerinnen\/Arbeitnehmer in unserem Aktionsbereich den \u00d6PNV nutzen wollen, stehen ihnen nur Buslinien zur Verf\u00fcgung. Busse, die auf den Hauptverkehrsstra\u00dfen (StreBaLu bzw. B431) mit Liefer- und Individualverkehren im Stau stehen. Die Busse sind morgens und abends meist \u00fcberf\u00fcllt und es ist kein Vergn\u00fcgen, damit unterwegs zu sein. Allein mit der Linie M3 fahren t\u00e4glich etwa 30.000 Menschen (<a href=\"https:\/\/via-bus.hamburg.de\/metrobus-linie-3\/\">Stand 2015<\/a>, aktuellere Zahlen liegen nicht vor).<\/p>\n\n\n\n<p>Durch die bereits erfolgten und noch geplanten Ansiedlungen von Wohn- und Gewerbegebieten versch\u00e4rft sich das Problem der Erreichbarkeit der Stadtteile und Arbeitsorte mit dem \u00d6PNV und \u2013 entgegen den Zielen einer Mobilit\u00e4twende \u2013 der MIV wird explosionsartig ansteigen.<\/p>\n\n\n\n<ul class=\"wp-block-list\">\n<li>Der Hamburger Westen braucht deshalb jetzt eine schnelle, leistungsf\u00e4hige und zuverl\u00e4ssige Schienenanbindung! Unsere Geduld mit den Vertr\u00f6stungen ist zu Ende.<\/li>\n\n\n\n<li>Als Zwischenl\u00f6sung muss es eine Verbesserung des Busverkehrs in Form von eigenst\u00e4ndigen Busfahrspuren geben, damit die \u00d6PNV-Nutzung nicht im Stau stecken bleibt. Gerne kann auch mit Pop-Up-Busspuren gestartet werden.<\/li>\n<\/ul>\n\n\n\n<p>Wir haben die Nase voll von leeren Versprechungen und Vertr\u00f6stungen auf den St. Nimmerleinstag! Aktuell gibt es schon wieder st\u00e4ndige \u201eWenn und Aber\u201c und schwindelerregende Wechsel bei den Planungen (U5, S32, S6). Die Fertigstellungszeitr\u00e4ume verschieben sich auf 2040+, also um weitere mindestens 20 Jahre. Darum engagieren wir uns \u00fcber verschiedene Kan\u00e4le f\u00fcr die Schienenanbindung von Hamburgs Westen.<\/p>\n\n\n\n<p>Wir sind die<\/p>\n\n\n<div class=\"wp-block-image\">\n<figure class=\"alignleft size-full is-resized\"><a href=\"http:\/\/www.starten-bahn-west.de\/wp-content\/uploads\/2014\/04\/Borner-Runde.gif\"><img loading=\"lazy\" decoding=\"async\" width=\"632\" height=\"253\" src=\"http:\/\/www.starten-bahn-west.de\/wp-content\/uploads\/2014\/04\/Borner-Runde.gif\" alt=\"\" class=\"wp-image-63\" style=\"width:213px;height:auto\"\/><\/a><\/figure><\/div>\n\n\n<p>im B\u00fcrgerhaus Bornheide 76 in Hamburg-Osdorf<br>Infos: <a href=\"http:\/\/www.osdorfer-born.de\/angebot\/borner-runde-2\/\" target=\"_blank\" rel=\"noreferrer noopener\">www.osdorfer-born.de\/angebot\/borner-runde-2\/<\/a><br><br><\/p>\n\n\n\n<p><\/p>\n\n\n\n<p><\/p>\n\n\n\n<p><\/p>\n\n\n<div class=\"wp-block-image\">\n<figure class=\"alignleft size-full is-resized\"><a href=\"http:\/\/www.starten-bahn-west.de\/wp-content\/uploads\/2024\/01\/Luruper-Verkehrs-AG-Klein.jpg\"><img loading=\"lazy\" decoding=\"async\" width=\"769\" height=\"761\" src=\"http:\/\/www.starten-bahn-west.de\/wp-content\/uploads\/2024\/01\/Luruper-Verkehrs-AG-Klein.jpg\" alt=\"\" class=\"wp-image-677\" style=\"width:140px;height:auto\" srcset=\"https:\/\/www.starten-bahn-west.de\/wp-content\/uploads\/2024\/01\/Luruper-Verkehrs-AG-Klein.jpg 769w, https:\/\/www.starten-bahn-west.de\/wp-content\/uploads\/2024\/01\/Luruper-Verkehrs-AG-Klein-300x297.jpg 300w\" sizes=\"auto, (max-width: 769px) 100vw, 769px\" \/><\/a><\/figure><\/div>\n\n\n<p>\uf0b7Luruper Verkehrs-AG<br>Kontakt:<a href=\"luruper_verkehrs_ag@yahoo.com\"> luruper_verkehrs_ag@yahoo.com<\/a> &nbsp; <br><\/p>\n\n\n\n<p><\/p>\n\n\n\n<p><br><\/p>\n\n\n<div class=\"wp-block-image\">\n<figure class=\"alignleft size-large is-resized\"><a href=\"http:\/\/www.starten-bahn-west.de\/wp-content\/uploads\/2024\/01\/Bahrenfeld_auf_Trab_Logo-Klein.jpg\"><img loading=\"lazy\" decoding=\"async\" width=\"1024\" height=\"838\" src=\"http:\/\/www.starten-bahn-west.de\/wp-content\/uploads\/2024\/01\/Bahrenfeld_auf_Trab_Logo-Klein-1024x838.jpg\" alt=\"\" class=\"wp-image-676\" style=\"width:166px;height:auto\" srcset=\"https:\/\/www.starten-bahn-west.de\/wp-content\/uploads\/2024\/01\/Bahrenfeld_auf_Trab_Logo-Klein-1024x838.jpg 1024w, https:\/\/www.starten-bahn-west.de\/wp-content\/uploads\/2024\/01\/Bahrenfeld_auf_Trab_Logo-Klein-300x245.jpg 300w, https:\/\/www.starten-bahn-west.de\/wp-content\/uploads\/2024\/01\/Bahrenfeld_auf_Trab_Logo-Klein-768x628.jpg 768w, https:\/\/www.starten-bahn-west.de\/wp-content\/uploads\/2024\/01\/Bahrenfeld_auf_Trab_Logo-Klein.jpg 1100w\" sizes=\"auto, (max-width: 1024px) 100vw, 1024px\" \/><\/a><\/figure><\/div>\n\n\n<p>B\u00fcrgerinitiative Bahrenfeld auf Trab<br>Infos: <a href=\"https:\/\/www.bahrenfeldauftrab.de\" target=\"_blank\" rel=\"noreferrer noopener\">https:\/\/www.bahrenfeldauftrab.de<\/a><\/p>\n\n\n\n<p><br><br><\/p>\n\n\n\n<p><br><\/p>\n\n\n\n<p><\/p>\n\n\n<div class=\"wp-block-image\">\n<figure class=\"alignleft size-large is-resized\"><a href=\"http:\/\/www.starten-bahn-west.de\/wp-content\/uploads\/2023\/11\/Bild_2023-11-14_200636235.png\"><img loading=\"lazy\" decoding=\"async\" width=\"1024\" height=\"96\" src=\"http:\/\/www.starten-bahn-west.de\/wp-content\/uploads\/2023\/11\/Bild_2023-11-14_200636235-1024x96.png\" alt=\"\" class=\"wp-image-622\" style=\"width:264px;height:auto\" srcset=\"https:\/\/www.starten-bahn-west.de\/wp-content\/uploads\/2023\/11\/Bild_2023-11-14_200636235-1024x96.png 1024w, https:\/\/www.starten-bahn-west.de\/wp-content\/uploads\/2023\/11\/Bild_2023-11-14_200636235-300x28.png 300w, https:\/\/www.starten-bahn-west.de\/wp-content\/uploads\/2023\/11\/Bild_2023-11-14_200636235-768x72.png 768w, https:\/\/www.starten-bahn-west.de\/wp-content\/uploads\/2023\/11\/Bild_2023-11-14_200636235.png 1230w\" sizes=\"auto, (max-width: 1024px) 100vw, 1024px\" \/><\/a><\/figure><\/div>\n\n\n<p>Arbeitskreis Verkehrsplanung Schenefeld (AKV)<br>Infos: &nbsp;<a href=\"http:\/\/www.akv-schenefeld.de\" target=\"_blank\" rel=\"noopener\">www.akv-schenefeld.de<\/a><\/p>\n","protected":false},"excerpt":{"rendered":"<p>Entwicklungen in den betroffenen Gebieten Bahrenfeld: Im Stadtteil mit 31.000 Einwohnern wird am Rand des Altonaer Volksparks auf dem Gel\u00e4nde der Trabrennbahn sowie anliegenden Kleing\u00e4rten eine gro\u00dfe Wohnsiedlung f\u00fcr mehr als 8.000 neue Einwohner\/-innen entstehen. Zus\u00e4tzlich werden entlang der Luruper Chaussee zwischen Trabrennbahn und Elbgaustra\u00dfe der \u201eInnovationspark Altona\u201c f\u00fcr neue Unternehmen sowie der \u201eWissenschaftscampus Bahrenfeld\u201c &hellip; <a href=\"https:\/\/www.starten-bahn-west.de\/?page_id=357\" class=\"more-link\"><span class=\"screen-reader-text\">Die Initiative Starten:BahnWest!<\/span> weiterlesen <span class=\"meta-nav\">&rarr;<\/span><\/a><\/p>\n","protected":false},"author":1,"featured_media":572,"parent":0,"menu_order":0,"comment_status":"closed","ping_status":"closed","template":"","meta":{"footnotes":""},"class_list":["post-357","page","type-page","status-publish","has-post-thumbnail","hentry"],"_links":{"self":[{"href":"https:\/\/www.starten-bahn-west.de\/index.php?rest_route=\/wp\/v2\/pages\/357","targetHints":{"allow":["GET"]}}],"collection":[{"href":"https:\/\/www.starten-bahn-west.de\/index.php?rest_route=\/wp\/v2\/pages"}],"about":[{"href":"https:\/\/www.starten-bahn-west.de\/index.php?rest_route=\/wp\/v2\/types\/page"}],"author":[{"embeddable":true,"href":"https:\/\/www.starten-bahn-west.de\/index.php?rest_route=\/wp\/v2\/users\/1"}],"replies":[{"embeddable":true,"href":"https:\/\/www.starten-bahn-west.de\/index.php?rest_route=%2Fwp%2Fv2%2Fcomments&post=357"}],"version-history":[{"count":26,"href":"https:\/\/www.starten-bahn-west.de\/index.php?rest_route=\/wp\/v2\/pages\/357\/revisions"}],"predecessor-version":[{"id":717,"href":"https:\/\/www.starten-bahn-west.de\/index.php?rest_route=\/wp\/v2\/pages\/357\/revisions\/717"}],"wp:featuredmedia":[{"embeddable":true,"href":"https:\/\/www.starten-bahn-west.de\/index.php?rest_route=\/wp\/v2\/media\/572"}],"wp:attachment":[{"href":"https:\/\/www.starten-bahn-west.de\/index.php?rest_route=%2Fwp%2Fv2%2Fmedia&parent=357"}],"curies":[{"name":"wp","href":"https:\/\/api.w.org\/{rel}","templated":true}]}}