{"id":51,"date":"2014-11-25T19:22:15","date_gmt":"2014-11-25T17:22:15","guid":{"rendered":"http:\/\/www.starten-bahn-west.de\/?page_id=51"},"modified":"2019-03-28T19:03:25","modified_gmt":"2019-03-28T17:03:25","slug":"disclaimer","status":"publish","type":"page","link":"https:\/\/www.starten-bahn-west.de\/?page_id=51","title":{"rendered":"Disclaimer"},"content":{"rendered":"<p align=\"center\"><b>Haftungsausschluss\/Disclaimer<\/b><\/p>\n<p><b>Hinweis auf die gelinkten Seiten und Artikelinhalte:<\/b><br \/>\nDiese Homepage ist nicht kommerziell und dient der Information von B\u00fcrgerinnen und B\u00fcrgern, die interessiert sind an dem Thema <b>Schienenanbindung des Hamburger Westens und Schenefelds<\/b>.<\/p>\n<p><b>Links:<\/b><b><br \/>\n<\/b>Das Landgericht Hamburg hat mit Urteil vom 12.5.1998 entschieden, dass man durch die Ausbringung eines Links die Inhalte der gelinkten Seite ggf. mit zu verantworten hat. Dies kann &#8211; so das Landgericht Hamburg &#8211; nur dadurch verhindert werden, dass man sich ausdr\u00fccklich von diesen Inhalten distanziert.<br \/>\n<b>Erkl\u00e4rung:<\/b> Wir haben auf unseren Seiten Links zu anderen Seiten im Internet gesetzt. F\u00fcr alle diese Links weisen wir ausdr\u00fccklich darauf hin, \u00a0dass wir auf die Gestaltung und die Inhalte dieser fremden Webseiten keinen Einfluss haben und uns ausdr\u00fccklich von den Inhalten und\/oder der Gestaltung der gelinkten Webseiten distanzieren. Diese Erkl\u00e4rung gilt f\u00fcr alle auf unserer Internetpr\u00e4senz angezeigten Links und f\u00fcr alle Inhalte der Seiten inkl. aller Unterseiten, zu denen die bei uns angemeldeten Banner und Links f\u00fchren.<\/p>\n<p><b>Urheberrechte \/ Rechte Dritter:<\/b><br \/>\nSollten Urheberrechte oder Rechte Dritter durch Verwendung von Texten oder Bildern auf dieser Webseite verletzt worden sein, so ist das unbeabsichtigt geschehen. Wir werden nach einem begr\u00fcndeten Hinweis per Mail, Post, Fax oder Telefonanruf diese Bereiche sofort l\u00f6schen.<br \/>\nSollten sich Personen auf Fotos auf unserer Webseite unerlaubt abgebildet sehen, so bitten wir um einen Hinweis, um das entsprechende Foto sofort entfernen zu k\u00f6nnen.<br \/>\nSollten durch den unklaren Gebrauch von Begriffen Markenzeichen verletzt worden sein, so ist auch dies in Unkenntnis geschehen und wird nach Bekanntgabe an uns umgehend abgestellt.<\/p>\n<p>Alle Rechte am Bild- und Textmaterial dieser Webseite sind vorbehalten.<br \/>\n\u00a9 2014 Verkehrsinitiative <i>Starten: Bahn West !<\/i><\/p>\n<p><b>Realisierung der Website: <a href=\"http:\/\/www.starten-bahn-west.de\/wp-content\/uploads\/2014\/11\/AL.jpg\"><img loading=\"lazy\" decoding=\"async\" class=\"alignnone  wp-image-52\" alt=\"AL\" src=\"http:\/\/www.starten-bahn-west.de\/wp-content\/uploads\/2014\/11\/AL-300x37.jpg\" width=\"219\" height=\"27\" srcset=\"https:\/\/www.starten-bahn-west.de\/wp-content\/uploads\/2014\/11\/AL-300x37.jpg 300w, https:\/\/www.starten-bahn-west.de\/wp-content\/uploads\/2014\/11\/AL.jpg 763w\" sizes=\"auto, (max-width: 219px) 100vw, 219px\" \/><\/a><\/b><\/p>\n<p><b><a href=\"http:\/\/www.starten-bahn-west.de\/wp-content\/uploads\/2014\/11\/AL.jpg\">\u00a0 \u00a0 \u00a0 \u00a0 \u00a0 \u00a0 \u00a0 \u00a0 \u00a0 \u00a0 \u00a0 \u00a0 \u00a0 \u00a0 \u00a0 \u00a0 \u00a0 \u00a0 \u00a0 \u00a0 \u00a0 \u00a0 \u00a0 \u00a0 \u00a0 \u00a0 \u00a0 \u00a0\u00a0 wm[\u00e4t]starten-bahn-west.de<\/a><\/b><\/p>\n","protected":false},"excerpt":{"rendered":"<p>Haftungsausschluss\/Disclaimer Hinweis auf die gelinkten Seiten und Artikelinhalte: Diese Homepage ist nicht kommerziell und dient der Information von B\u00fcrgerinnen und B\u00fcrgern, die interessiert sind an dem Thema Schienenanbindung des Hamburger Westens und Schenefelds. Links: Das Landgericht Hamburg hat mit Urteil vom 12.5.1998 entschieden, dass man durch die Ausbringung eines Links die Inhalte der gelinkten Seite &hellip; <a href=\"https:\/\/www.starten-bahn-west.de\/?page_id=51\" class=\"more-link\"><span class=\"screen-reader-text\">Disclaimer<\/span> weiterlesen <span class=\"meta-nav\">&rarr;<\/span><\/a><\/p>\n","protected":false},"author":1,"featured_media":0,"parent":0,"menu_order":0,"comment_status":"closed","ping_status":"closed","template":"","meta":{"footnotes":""},"class_list":["post-51","page","type-page","status-publish","hentry"],"_links":{"self":[{"href":"https:\/\/www.starten-bahn-west.de\/index.php?rest_route=\/wp\/v2\/pages\/51","targetHints":{"allow":["GET"]}}],"collection":[{"href":"https:\/\/www.starten-bahn-west.de\/index.php?rest_route=\/wp\/v2\/pages"}],"about":[{"href":"https:\/\/www.starten-bahn-west.de\/index.php?rest_route=\/wp\/v2\/types\/page"}],"author":[{"embeddable":true,"href":"https:\/\/www.starten-bahn-west.de\/index.php?rest_route=\/wp\/v2\/users\/1"}],"replies":[{"embeddable":true,"href":"https:\/\/www.starten-bahn-west.de\/index.php?rest_route=%2Fwp%2Fv2%2Fcomments&post=51"}],"version-history":[{"count":1,"href":"https:\/\/www.starten-bahn-west.de\/index.php?rest_route=\/wp\/v2\/pages\/51\/revisions"}],"predecessor-version":[{"id":53,"href":"https:\/\/www.starten-bahn-west.de\/index.php?rest_route=\/wp\/v2\/pages\/51\/revisions\/53"}],"wp:attachment":[{"href":"https:\/\/www.starten-bahn-west.de\/index.php?rest_route=%2Fwp%2Fv2%2Fmedia&parent=51"}],"curies":[{"name":"wp","href":"https:\/\/api.w.org\/{rel}","templated":true}]}}