{"id":585,"date":"2023-11-10T20:53:27","date_gmt":"2023-11-10T18:53:27","guid":{"rendered":"https:\/\/www.starten-bahn-west.de\/?page_id=585"},"modified":"2023-11-14T20:41:56","modified_gmt":"2023-11-14T18:41:56","slug":"machbarkeitsstudie","status":"publish","type":"page","link":"https:\/\/www.starten-bahn-west.de\/?page_id=585","title":{"rendered":"Machbarkeitsstudien"},"content":{"rendered":"\n<p>Machbar ist Vieles, es muss h\u00e4ufig nur gewollt werden.<\/p>\n\n\n\n<p>In Wirtschaft und insbesondere in der Politik werden, bevor z.B. Verkehrsprojekte wie die Schienenanbindung in den Hamburger Westen in die Erw\u00e4gung gezogen werden, erst einmal <a href=\"https:\/\/de.wikipedia.org\/wiki\/Machbarkeitsstudie#:~:text=Die%20Machbarkeitsstudie%20(englisch%20feasibility%20study,ein%20Projekt%20durchgef\u00fchrt%20werden%20kann.\" data-type=\"link\" data-id=\"https:\/\/de.wikipedia.org\/wiki\/Machbarkeitsstudie#:~:text=Die%20Machbarkeitsstudie%20(englisch%20feasibility%20study,ein%20Projekt%20durchgef\u00fchrt%20werden%20kann.\" target=\"_blank\" rel=\"noreferrer noopener\">Machbarkeitsstudien<\/a>\/ Machbarkeitsuntersuchungen in Auftrag gegeben. Das Ziel einer derartigen Studie ist es, die Vorteilhaftigkeit des Projektes nachzuweisen, oder eben auch nicht. In Deutschland hat sich daf\u00fcr als wesentliches Kriterium der Vorteilhaftigkeit die &#8222;Nutzen-Kosten-Analyse&#8220;  (NKA) herausgebildet. <\/p>\n\n\n\n<p>Eine derartige Analyse soll eine Art Wirtschaftlichkeitsberechnung f\u00fcr ein Projekt sein: welcher Nutzen steht welchen Kosten, jeweils in Euro berechnet, gegen\u00fcber. Wird ein h\u00f6herer Nutzen als die Kosten ermittelt, gilt ein Projekt als wirtschaftlich vorteilhaft. Die NKA ist vor vielen Jahren in den Wirtschaftswissenschaften entwickelt worden. Es gibt kilometerlange wissenschaftliche Abhandlungen samt Kritiken dar\u00fcber. Einen ersten Einblick gibt die <a href=\"https:\/\/de.wikipedia.org\/wiki\/Kosten-Nutzen-Analyse\" data-type=\"link\" data-id=\"https:\/\/de.wikipedia.org\/wiki\/Kosten-Nutzen-Analyse\">Wikipedia<\/a>. Einen spielerischen Einblick, wie die NKA in Deutschland genutzt, aufgestellt und auch manipuliert wird, gibt es in <a href=\"https:\/\/www.zdf.de\/comedy\/die-anstalt\/die-anstalt-vom-25-april-2023-100.html\" data-type=\"link\" data-id=\"https:\/\/www.zdf.de\/comedy\/die-anstalt\/die-anstalt-vom-25-april-2023-100.html\">&#8222;Der Anstalt&#8220; vom ZDF vom 25.04.2023.<\/a> In der unterhaltsamen Sendung erfahren Sie ab Minute 22:22 ungef\u00e4hr, wie eine NKA interessengeleitet aufgestellt wird.<\/p>\n\n\n\n<p>H\u00e4ufig  wird die Erstellung von Machbarkeitsstudien von einem staatlichen oder privaten Auftraggeber an &#8222;<em>unvoreingenommene<\/em>&#8220; Consulting-Firmen gegen Entgelt in Auftrag gegeben. Es ist aber auch genauso gut m\u00f6glich, dass eine Machbarkeitsstudie  in einem Amt, einer Beh\u00f6rde, einem Ministerium oder einer Unternehmensabteilung als Auftragnehmer erstellt wird. Wichtig ist immer, dass der Auftragnehmer einer Machbarkeitsstudie \u00fcber ausreichende fachliche Kompetenz zur Beurteilung eines Themas verf\u00fcgt. Dabei spielt die wirtschaftliche Unabh\u00e4ngigkeit des Auftragnehmers gegen\u00fcber dem Auftraggeber ebenfalls eine wichtige Rolle. <\/p>\n\n\n\n<p>Genau hier ist immer besondere Obacht gegeben, siehe die oben angef\u00fchrte &#8222;Die Anstalt&#8220;. Die Ersteller einer Machbarkeitsstudie, die ja insbesondere Meinungen f\u00fcr oder gegen ein Projekt beeinflussen sollen, werden ihrem zahlenden Auftraggeber nur ungern mit ung\u00fcnstigen Ergebnissen in den R\u00fccken fallen wollen.<\/p>\n\n\n\n<p>Diese Studien gelesen zu haben und sich daraus eine eigene Meinung gebildet zu haben, ist nicht immer einfach. Es ist aber immens wichtig sich eine eigene Meinung zu bilden, um an der Diskussion f\u00fcr die Schienenanbindung in den Hamburger Westen teilhaben zu k\u00f6nnen.<\/p>\n\n\n\n<p>Wir ver\u00f6ffentlichen hier alle uns bekannten Machbarkeitsstudien rund um die Schienenanbindung nach Bahrenfeld, Lurup, Osdorf und Schenefeld. Die Bewertung, ob diese Studien gut, sinnvoll und realit\u00e4tsnah sind, m\u00fcssen Sie selber vornehmen.<\/p>\n\n\n\n<p>gez. Axel Godenrath<\/p>\n","protected":false},"excerpt":{"rendered":"<p>Machbar ist Vieles, es muss h\u00e4ufig nur gewollt werden. In Wirtschaft und insbesondere in der Politik werden, bevor z.B. Verkehrsprojekte wie die Schienenanbindung in den Hamburger Westen in die Erw\u00e4gung gezogen werden, erst einmal Machbarkeitsstudien\/ Machbarkeitsuntersuchungen in Auftrag gegeben. Das Ziel einer derartigen Studie ist es, die Vorteilhaftigkeit des Projektes nachzuweisen, oder eben auch nicht. &hellip; <a href=\"https:\/\/www.starten-bahn-west.de\/?page_id=585\" class=\"more-link\"><span class=\"screen-reader-text\">Machbarkeitsstudien<\/span> weiterlesen <span class=\"meta-nav\">&rarr;<\/span><\/a><\/p>\n","protected":false},"author":2,"featured_media":596,"parent":0,"menu_order":0,"comment_status":"closed","ping_status":"closed","template":"","meta":{"footnotes":""},"class_list":["post-585","page","type-page","status-publish","has-post-thumbnail","hentry"],"_links":{"self":[{"href":"https:\/\/www.starten-bahn-west.de\/index.php?rest_route=\/wp\/v2\/pages\/585","targetHints":{"allow":["GET"]}}],"collection":[{"href":"https:\/\/www.starten-bahn-west.de\/index.php?rest_route=\/wp\/v2\/pages"}],"about":[{"href":"https:\/\/www.starten-bahn-west.de\/index.php?rest_route=\/wp\/v2\/types\/page"}],"author":[{"embeddable":true,"href":"https:\/\/www.starten-bahn-west.de\/index.php?rest_route=\/wp\/v2\/users\/2"}],"replies":[{"embeddable":true,"href":"https:\/\/www.starten-bahn-west.de\/index.php?rest_route=%2Fwp%2Fv2%2Fcomments&post=585"}],"version-history":[{"count":5,"href":"https:\/\/www.starten-bahn-west.de\/index.php?rest_route=\/wp\/v2\/pages\/585\/revisions"}],"predecessor-version":[{"id":620,"href":"https:\/\/www.starten-bahn-west.de\/index.php?rest_route=\/wp\/v2\/pages\/585\/revisions\/620"}],"wp:featuredmedia":[{"embeddable":true,"href":"https:\/\/www.starten-bahn-west.de\/index.php?rest_route=\/wp\/v2\/media\/596"}],"wp:attachment":[{"href":"https:\/\/www.starten-bahn-west.de\/index.php?rest_route=%2Fwp%2Fv2%2Fmedia&parent=585"}],"curies":[{"name":"wp","href":"https:\/\/api.w.org\/{rel}","templated":true}]}}